{"id":121,"date":"2022-10-08T18:26:59","date_gmt":"2022-10-08T16:26:59","guid":{"rendered":"http:\/\/charleenmusic.com\/?page_id=121"},"modified":"2025-04-10T12:09:40","modified_gmt":"2025-04-10T10:09:40","slug":"confidentialite","status":"publish","type":"page","link":"https:\/\/charleenmusic.com\/index.php\/confidentialite\/","title":{"rendered":"Politique de confidentialit\u00e9"},"content":{"rendered":"\n\n\t<p><b>POLITIQUE DE CONFIDENTIALIT\u00c9<\/b><\/p>\n<h2>Introduction<\/h2>\n<p>Ce site web, <a href=\"http:\/\/www.charleenmusic.com\">www.charleenmusic.com<\/a>\u00a0(ci-apr\u00e8s : \u00ab le site web \u00bb) utilise des cookies et autres technologies li\u00e9es (par simplification, toutes ces technologies sont d\u00e9sign\u00e9es par le terme\u00a0\u00ab cookies \u00bb). Des cookies sont \u00e9galement plac\u00e9s par des tierces parties engag\u00e9es. Je vous informe ci-dessous de l&rsquo;utilisation des cookies sur le site web.<\/p>\n<h2>Que sont les cookies ?<\/h2>\n<p>Un cookie est un petit fichier simple envoy\u00e9 avec les pages de ce site web et stock\u00e9 par votre navigateur sur le disque dur de votre ordinateur ou d&rsquo;un autre appareil. Les informations qui y sont stock\u00e9es peuvent \u00eatre renvoy\u00e9es \u00e0 nos serveurs ou aux serveurs des tierces parties concern\u00e9es lors d&rsquo;une visite ult\u00e9rieure.<\/p>\n<p>Les cookies techniques ou fonctionnels assurent le fonctionnement correct de certaines parties du site web et la prise en compte de vos pr\u00e9f\u00e9rences en tant qu&rsquo;utilisateur. Ils facilitent la visite du site web.\u00a0Ainsi, vous n&rsquo;avez pas besoin de saisir \u00e0 plusieurs reprises les m\u00eames informations lors de la visite du site web.<\/p>\n<p>Les cookies de marketing \/ suivi sont des cookies ou toute autre forme de stockage local, utilis\u00e9s pour cr\u00e9er des profils d&rsquo;utilisateurs afin d&rsquo;afficher de la publicit\u00e9 ou de suivre l&rsquo;utilisateur sur ce site web ou sur plusieurs sites web dans des finalit\u00e9s marketing similaires.<\/p>\n<h2>Activer \/ d\u00e9sactiver les cookies<\/h2>\n<p>Vous pouvez utiliser votre navigateur internet pour supprimer automatiquement ou manuellement les cookies. Vous pouvez \u00e9galement sp\u00e9cifier que certains cookies ne peuvent pas \u00eatre plac\u00e9s. Une autre option consiste \u00e0 modifier les r\u00e9glages de votre navigateur Internet afin que vous receviez un message \u00e0 chaque fois qu&rsquo;un cookie est plac\u00e9. Pour plus d&rsquo;informations sur ces options, reportez-vous aux instructions de la section Aide de votre navigateur.<\/p>\n<p>Veuillez noter que le site web peut ne pas marcher correctement si tous les cookies sont d\u00e9sactiv\u00e9s. Si vous supprimez les cookies dans votre navigateur, ils seront de nouveau plac\u00e9s apr\u00e8s votre consentement lorsque vous revisiterez nos sites web.<\/p>\n<h2>Que sont les scripts ?<\/h2>\n<p>Un script est un \u00e9l\u00e9ment de code utilis\u00e9 pour que le site web fonctionne correctement et de mani\u00e8re interactive. Ce code est ex\u00e9cut\u00e9 sur le serveur ou sur votre appareil.<\/p>\n<h2>Qu&rsquo;est-ce qu&rsquo;une balise invisible ?<\/h2>\n<p>Une balise invisible (ou balise web) est un petit morceau de texte ou d&rsquo;image invisible sur un site web, utilis\u00e9 pour suivre le trafic sur un site web. Pour ce faire, diverses donn\u00e9es vous concernant sont stock\u00e9es \u00e0 l&rsquo;aide de balises invisibles.<\/p>\n<h2>Consentement<\/h2>\n<p>Lorsque vous visitez <a href=\"http:\/\/www.charleenmusic.com\">www.charleenmusic.com<\/a>\u00a0pour la premi\u00e8re fois, une fen\u00eatre contextuelle appara\u00eetra. Celle-ci vous explique le fonctionnement des cookies.\u00a0D\u00e8s que vous cliquez sur \u00ab Enregistrer les pr\u00e9f\u00e9rences \u00bb vous autorisez \u00e0 utiliser les cat\u00e9gories de cookies et d&rsquo;extensions que vous avez s\u00e9lectionn\u00e9es dans la fen\u00eatre contextuelle, comme d\u00e9crit dans la pr\u00e9sente politique de confidentialit\u00e9. Vous pouvez d\u00e9sactiver l&rsquo;utilisation des cookies via votre navigateur, mais veuillez noter que le site web pourrait ne plus fonctionner correctement.<\/p>\n<h2>Contenu embarqu\u00e9 depuis d&rsquo;autres sites<\/h2>\n<p>Les articles de ce site peuvent inclure des contenus int\u00e9gr\u00e9s (ex : des vid\u00e9os, images, articles&#8230;). Le contenu int\u00e9gr\u00e9 depuis d&rsquo;autres sites se comporte de la m\u00eame mani\u00e8re que si vous vous rendez sur cet autre site.<\/p>\n<p>Ces sites web pourraient collecter des donn\u00e9es sur vous, utiliser des cookies, embarquer des outils de suivis tiers, suivre vos interactions avec ces contenus embarqu\u00e9s si vous disposez d&rsquo;un compte connect\u00e9 sur leur site web.<\/p>\n<h2>Base l\u00e9gale &#8211; donn\u00e9es personnelles<\/h2>\n<p>Certaines donn\u00e9es personnelles vous concernant ne sont collect\u00e9es qu&rsquo;apr\u00e8s votre consentement obligatoire. Ce consentement est recueilli de fa\u00e7on claire et sans \u00e9quivoque par le biais d&rsquo;une case \u00e0 cocher.<\/p>\n<h2>Utilisation et transmission de vos donn\u00e9es personnelles<\/h2>\n<p>Si vous utilisez le formulaire de contact, vous consentez au partage de vos coordonn\u00e9es (nom, pr\u00e9nom, email et num\u00e9ro de t\u00e9l\u00e9phone) avec Charline KOZMIK. Vos coordonn\u00e9es seront collect\u00e9es uniquement dans le but de prendre contact avec vous et de r\u00e9pondre \u00e0 votre demande.<\/p>\n<p>Les donn\u00e9es \u00ab web analytics \u00bb sont collect\u00e9es de forme anonyme (en enregistrant des adresses IP anonymes), et me permettent de mesurer l&rsquo;audience de ce site web, les consultations et les \u00e9ventuelles erreurs afin d&rsquo;am\u00e9liorer constamment l&rsquo;exp\u00e9rience des utilisateurs. Ces donn\u00e9es sont utilis\u00e9es par Charline KOZMIK, responsable du traitement des donn\u00e9es, et ne seront jamais c\u00e9d\u00e9es \u00e0 un tiers ni utilis\u00e9es \u00e0 d&rsquo;autres fins que celles d\u00e9taill\u00e9es ci-dessus.<\/p>\n<h2>Dur\u00e9es de stockage de vos donn\u00e9es<\/h2>\n<p>Les donn\u00e9es recueillies sont sauvegard\u00e9es sur une dur\u00e9e maximale de 3 ans.<\/p>\n<h2>Les droits que vous avez sur vos donn\u00e9es<\/h2>\n<ul>\n<li>Vous avez le droit de savoir pourquoi vos donn\u00e9es personnelles sont n\u00e9cessaires, ce qui leur arrivera et combien de temps elles seront conserv\u00e9es.<\/li>\n<li>Droit d&rsquo;acc\u00e8s : vous avez le droit d&rsquo;acc\u00e9der \u00e0 vos donn\u00e9es personnelles dont j&rsquo;ai la connaissance.<\/li>\n<li>Droit de rectification : vous avez le droit \u00e0 tout moment de compl\u00e9ter, corriger, faire supprimer ou bloquer vos donn\u00e9es personnelles.<\/li>\n<li>Si vous donnez votre consentement pour le traitement de vos donn\u00e9es, vous avez le droit de r\u00e9voquer ce consentement et de faire supprimer vos donn\u00e9es personnelles.<\/li>\n<li>Droit de transf\u00e9rer vos donn\u00e9es : vous avez le droit de demander toutes vos donn\u00e9es personnelles au responsable du traitement et de les transf\u00e9rer dans leur int\u00e9gralit\u00e9 \u00e0 un autre responsable du traitement.<\/li>\n<li>Droit d&rsquo;opposition : vous pouvez vous opposer au traitement de vos donn\u00e9es. Nous obtemp\u00e9rerons, \u00e0 moins que certaines raisons ne justifient ce traitement.<\/li>\n<\/ul>\n<p>Cela ne prend pas en compte les donn\u00e9es stock\u00e9es \u00e0 des fins administratives, l\u00e9gales ou pour des raisons de s\u00e9curit\u00e9.<\/p>\n<p>Vous avez \u00e9galement le droit d&rsquo;introduire une r\u00e9clamation aupr\u00e8s de la Cnil.<\/p>\n<h2>Contact d\u00e9l\u00e9gu\u00e9 \u00e0 la protection des donn\u00e9es<\/h2>\n<p>Charline KOZMIK &#8211; bonjour@beltane-conseil.fr<\/p>\n<h2>\n\t\tSOCIAL\n\t<\/h2>\n\n","protected":false},"excerpt":{"rendered":"<p>POLITIQUE DE CONFIDENTIALIT\u00c9 Introduction Ce site web, www.charleenmusic.com\u00a0(ci-apr\u00e8s : \u00ab le site web \u00bb) utilise des cookies et autres technologies li\u00e9es (par simplification, toutes ces technologies sont d\u00e9sign\u00e9es par le terme\u00a0\u00ab cookies \u00bb). Des cookies sont \u00e9galement plac\u00e9s par des tierces parties engag\u00e9es. Je vous informe ci-dessous de l&rsquo;utilisation des cookies sur le site web.&hellip;&nbsp;<a href=\"https:\/\/charleenmusic.com\/index.php\/confidentialite\/\" class=\"\" rel=\"bookmark\">Lire la suite &raquo;<span class=\"screen-reader-text\">Politique de confidentialit\u00e9<\/span><\/a><\/p>\n","protected":false},"author":1,"featured_media":0,"parent":0,"menu_order":0,"comment_status":"closed","ping_status":"closed","template":"","meta":{"neve_meta_sidebar":"","neve_meta_container":"","neve_meta_enable_content_width":"","neve_meta_content_width":0,"neve_meta_title_alignment":"","neve_meta_author_avatar":"","neve_post_elements_order":"","neve_meta_disable_header":"","neve_meta_disable_footer":"","neve_meta_disable_title":"","footnotes":""},"class_list":["post-121","page","type-page","status-publish","hentry"],"yoast_head":"<!-- This site is optimized with the Yoast SEO plugin v22.5 - https:\/\/yoast.com\/wordpress\/plugins\/seo\/ -->\n<title>Politique de confidentialit\u00e9 - Charleen Music<\/title>\n<meta name=\"robots\" content=\"noindex, nofollow\" \/>\n<meta property=\"og:locale\" content=\"fr_FR\" \/>\n<meta property=\"og:type\" content=\"article\" \/>\n<meta property=\"og:title\" content=\"Politique de confidentialit\u00e9 - Charleen Music\" \/>\n<meta property=\"og:description\" content=\"POLITIQUE DE CONFIDENTIALIT\u00c9 Introduction Ce site web, www.charleenmusic.com\u00a0(ci-apr\u00e8s : \u00ab le site web \u00bb) utilise des cookies et autres technologies li\u00e9es (par simplification, toutes ces technologies sont d\u00e9sign\u00e9es par le terme\u00a0\u00ab cookies \u00bb). Des cookies sont \u00e9galement plac\u00e9s par des tierces parties engag\u00e9es. Je vous informe ci-dessous de l&rsquo;utilisation des cookies sur le site web.&hellip;&nbsp;Lire la suite &raquo;Politique de confidentialit\u00e9\" \/>\n<meta property=\"og:url\" content=\"https:\/\/charleenmusic.com\/index.php\/confidentialite\/\" \/>\n<meta property=\"og:site_name\" content=\"Charleen Music\" \/>\n<meta property=\"article:modified_time\" content=\"2025-04-10T10:09:40+00:00\" \/>\n<meta name=\"twitter:card\" content=\"summary_large_image\" \/>\n<meta name=\"twitter:label1\" content=\"Dur\u00e9e de lecture estim\u00e9e\" \/>\n\t<meta name=\"twitter:data1\" content=\"5 minutes\" \/>\n<script type=\"application\/ld+json\" class=\"yoast-schema-graph\">{\"@context\":\"https:\/\/schema.org\",\"@graph\":[{\"@type\":\"WebPage\",\"@id\":\"https:\/\/charleenmusic.com\/index.php\/confidentialite\/\",\"url\":\"https:\/\/charleenmusic.com\/index.php\/confidentialite\/\",\"name\":\"Politique de confidentialit\u00e9 - Charleen Music\",\"isPartOf\":{\"@id\":\"https:\/\/charleenmusic.com\/#website\"},\"datePublished\":\"2022-10-08T16:26:59+00:00\",\"dateModified\":\"2025-04-10T10:09:40+00:00\",\"breadcrumb\":{\"@id\":\"https:\/\/charleenmusic.com\/index.php\/confidentialite\/#breadcrumb\"},\"inLanguage\":\"fr-FR\",\"potentialAction\":[{\"@type\":\"ReadAction\",\"target\":[\"https:\/\/charleenmusic.com\/index.php\/confidentialite\/\"]}]},{\"@type\":\"BreadcrumbList\",\"@id\":\"https:\/\/charleenmusic.com\/index.php\/confidentialite\/#breadcrumb\",\"itemListElement\":[{\"@type\":\"ListItem\",\"position\":1,\"name\":\"Accueil\",\"item\":\"https:\/\/charleenmusic.com\/\"},{\"@type\":\"ListItem\",\"position\":2,\"name\":\"Politique de confidentialit\u00e9\"}]},{\"@type\":\"WebSite\",\"@id\":\"https:\/\/charleenmusic.com\/#website\",\"url\":\"https:\/\/charleenmusic.com\/\",\"name\":\"Charleen Music\",\"description\":\"Auteure, compositrice, interpr\u00e8te\",\"potentialAction\":[{\"@type\":\"SearchAction\",\"target\":{\"@type\":\"EntryPoint\",\"urlTemplate\":\"https:\/\/charleenmusic.com\/?s={search_term_string}\"},\"query-input\":\"required name=search_term_string\"}],\"inLanguage\":\"fr-FR\"}]}<\/script>\n<!-- \/ Yoast SEO plugin. -->","yoast_head_json":{"title":"Politique de confidentialit\u00e9 - Charleen Music","robots":{"index":"noindex","follow":"nofollow"},"og_locale":"fr_FR","og_type":"article","og_title":"Politique de confidentialit\u00e9 - Charleen Music","og_description":"POLITIQUE DE CONFIDENTIALIT\u00c9 Introduction Ce site web, www.charleenmusic.com\u00a0(ci-apr\u00e8s : \u00ab le site web \u00bb) utilise des cookies et autres technologies li\u00e9es (par simplification, toutes ces technologies sont d\u00e9sign\u00e9es par le terme\u00a0\u00ab cookies \u00bb). Des cookies sont \u00e9galement plac\u00e9s par des tierces parties engag\u00e9es. Je vous informe ci-dessous de l&rsquo;utilisation des cookies sur le site web.&hellip;&nbsp;Lire la suite &raquo;Politique de confidentialit\u00e9","og_url":"https:\/\/charleenmusic.com\/index.php\/confidentialite\/","og_site_name":"Charleen Music","article_modified_time":"2025-04-10T10:09:40+00:00","twitter_card":"summary_large_image","twitter_misc":{"Dur\u00e9e de lecture estim\u00e9e":"5 minutes"},"schema":{"@context":"https:\/\/schema.org","@graph":[{"@type":"WebPage","@id":"https:\/\/charleenmusic.com\/index.php\/confidentialite\/","url":"https:\/\/charleenmusic.com\/index.php\/confidentialite\/","name":"Politique de confidentialit\u00e9 - Charleen Music","isPartOf":{"@id":"https:\/\/charleenmusic.com\/#website"},"datePublished":"2022-10-08T16:26:59+00:00","dateModified":"2025-04-10T10:09:40+00:00","breadcrumb":{"@id":"https:\/\/charleenmusic.com\/index.php\/confidentialite\/#breadcrumb"},"inLanguage":"fr-FR","potentialAction":[{"@type":"ReadAction","target":["https:\/\/charleenmusic.com\/index.php\/confidentialite\/"]}]},{"@type":"BreadcrumbList","@id":"https:\/\/charleenmusic.com\/index.php\/confidentialite\/#breadcrumb","itemListElement":[{"@type":"ListItem","position":1,"name":"Accueil","item":"https:\/\/charleenmusic.com\/"},{"@type":"ListItem","position":2,"name":"Politique de confidentialit\u00e9"}]},{"@type":"WebSite","@id":"https:\/\/charleenmusic.com\/#website","url":"https:\/\/charleenmusic.com\/","name":"Charleen Music","description":"Auteure, compositrice, interpr\u00e8te","potentialAction":[{"@type":"SearchAction","target":{"@type":"EntryPoint","urlTemplate":"https:\/\/charleenmusic.com\/?s={search_term_string}"},"query-input":"required name=search_term_string"}],"inLanguage":"fr-FR"}]}},"_links":{"self":[{"href":"https:\/\/charleenmusic.com\/index.php\/wp-json\/wp\/v2\/pages\/121","targetHints":{"allow":["GET"]}}],"collection":[{"href":"https:\/\/charleenmusic.com\/index.php\/wp-json\/wp\/v2\/pages"}],"about":[{"href":"https:\/\/charleenmusic.com\/index.php\/wp-json\/wp\/v2\/types\/page"}],"author":[{"embeddable":true,"href":"https:\/\/charleenmusic.com\/index.php\/wp-json\/wp\/v2\/users\/1"}],"replies":[{"embeddable":true,"href":"https:\/\/charleenmusic.com\/index.php\/wp-json\/wp\/v2\/comments?post=121"}],"version-history":[{"count":6,"href":"https:\/\/charleenmusic.com\/index.php\/wp-json\/wp\/v2\/pages\/121\/revisions"}],"predecessor-version":[{"id":208,"href":"https:\/\/charleenmusic.com\/index.php\/wp-json\/wp\/v2\/pages\/121\/revisions\/208"}],"wp:attachment":[{"href":"https:\/\/charleenmusic.com\/index.php\/wp-json\/wp\/v2\/media?parent=121"}],"curies":[{"name":"wp","href":"https:\/\/api.w.org\/{rel}","templated":true}]}}