{"id":127,"date":"2022-10-08T18:36:15","date_gmt":"2022-10-08T16:36:15","guid":{"rendered":"http:\/\/charleenmusic.com\/?page_id=127"},"modified":"2026-02-09T14:39:05","modified_gmt":"2026-02-09T13:39:05","slug":"mentions-legales","status":"publish","type":"page","link":"https:\/\/charleenmusic.com\/index.php\/mentions-legales\/","title":{"rendered":"Mentions l\u00e9gales"},"content":{"rendered":"\n\n\t<p><b>MENTIONS L\u00c9GALES<\/b><\/p>\n<h2>\u00c9dition du site<\/h2>\n<p>En vertu de <a href=\"https:\/\/www.legifrance.gouv.fr\/affichTexte.do?cidTexte=JORFTEXT000000801164#LEGIARTI000042038977\" target=\"_blank\" rel=\"noreferrer noopener\">l&rsquo;article 6 de la loi n\u00b0 2004-575 du 21 juin 2004<\/a> pour la confiance dans l&rsquo;\u00e9conomie num\u00e9rique, il est pr\u00e9cis\u00e9 aux utilisateurs du site internet <a href=\"http:\/\/www.charleenmusic.com\">www.charleenmusic.com<\/a>\u00a0l&rsquo;identit\u00e9 des diff\u00e9rents intervenants dans le cadre de sa r\u00e9alisation et de son suivi :<\/p>\n<strong>Propri\u00e9taire du site :\u00a0<\/strong>Charline KOZMK &#8211;\u00a0bonjour@beltane-conseil.fr<br \/>\n<strong>Directeur de la publication :\u00a0<\/strong>Charline KOZMIK<br \/>\n<strong>H\u00e9bergeur :<\/strong> OVH &#8211; 2 rue Kellermann &#8211; 59100 Roubaix<br \/>\n<strong>D\u00e9l\u00e9gu\u00e9 \u00e0 la protection des donn\u00e9es personnelles : <\/strong>Charline KOZMIK\n<h2>Propri\u00e9t\u00e9 intellectuelle et contrefa\u00e7ons<\/h2>\n<p><strong>Charline KOZMIK <\/strong>est propri\u00e9taire des droits de propri\u00e9t\u00e9 intellectuelle et d\u00e9tient les droits d&rsquo;usage sur tous les \u00e9l\u00e9ments accessibles sur le site internet, notamment les textes, images, graphismes, logos, vid\u00e9os, architecture, ic\u00f4nes et sons.<\/p>\n<p>Attribution des images utilis\u00e9es : Alexis Clot, Yann All\u00e8gre, Laura Gilli.<\/p>\n<p>Toute reproduction, repr\u00e9sentation, modification, publication, adaptation de tout ou partie des \u00e9l\u00e9ments du site, quel que soit le moyen ou le proc\u00e9d\u00e9 utilis\u00e9, est interdite, sauf autorisation \u00e9crite pr\u00e9alable de Charline KOZMIK.<\/p>\n<p>Toute exploitation non autoris\u00e9e du site ou de l&rsquo;un quelconque des \u00e9l\u00e9ments qu&rsquo;il contient sera consid\u00e9r\u00e9e comme constitutive d&rsquo;une contrefa\u00e7on et poursuivie conform\u00e9ment aux dispositions des articles <a href=\"https:\/\/www.legifrance.gouv.fr\/affichCodeArticle.do?idArticle=LEGIARTI000032655082&amp;cidTexte=LEGITEXT000006069414&amp;dateTexte=20160605\" target=\"_blank\" rel=\"noreferrer nofollow noopener\">L.335-2 et suivants du Code de Propri\u00e9t\u00e9 Intellectuelle<\/a>.<\/p>\n<h2>Limitations de responsabilit\u00e9<\/h2>\n<p>Charline KOZMIK\u00a0ne pourra \u00eatre tenue pour responsable des dommages directs et indirects caus\u00e9s au mat\u00e9riel de l&rsquo;utilisateur, lors de l&rsquo;acc\u00e8s au site <a href=\"http:\/\/www.charleenmusic.com\">www.charleenmusic.com<\/a>.\u00a0Charline KOZMIK\u00a0d\u00e9cline toute responsabilit\u00e9 quant \u00e0 l&rsquo;utilisation qui pourrait \u00eatre faite des informations et contenus pr\u00e9sents sur <a href=\"http:\/\/www.charleenmusic.com\">www.charleenmusic.com<\/a>.\u00a0Charline KOZMIK s&rsquo;engage \u00e0 s\u00e9curiser au mieux le site <a href=\"http:\/\/www.charleenmusic.com\">www.charleenmusic.com<\/a>, cependant sa responsabilit\u00e9 ne pourra \u00eatre mise en cause si des donn\u00e9es ind\u00e9sirables sont import\u00e9es et install\u00e9es sur son site \u00e0 son insu.<\/p>\n<p>Des espaces interactifs (espace contact ou commentaires) peuvent \u00eatre \u00e0 la disposition des utilisateurs. Charline KOZMIK\u00a0se r\u00e9serve le droit de supprimer, sans mise en demeure pr\u00e9alable, tout contenu d\u00e9pos\u00e9 dans cet espace qui contreviendrait \u00e0 la l\u00e9gislation applicable en France, en particulier aux dispositions relatives \u00e0 la protection des donn\u00e9es.<\/p>\n<p>Le cas \u00e9ch\u00e9ant, Charline KOZMIK\u00a0se r\u00e9serve \u00e9galement la possibilit\u00e9 de mettre en cause la responsabilit\u00e9 civile et\/ou p\u00e9nale de l&rsquo;utilisateur, notamment en cas de message \u00e0 caract\u00e8re raciste, injurieux, diffamant, ou pornographique, quel que soit le support utilis\u00e9 (texte, photographie &#8230;).<\/p>\n<h2>CNIL et gestion des donn\u00e9es personnelles<\/h2>\n<p>Conform\u00e9ment aux dispositions de <a href=\"https:\/\/www.legifrance.gouv.fr\/affichTexte.do?cidTexte=JORFTEXT000000886460\" target=\"_blank\" rel=\"noreferrer nofollow noopener\">la loi 78-17 du 6 janvier 1978 modifi\u00e9e<\/a>, l&rsquo;utilisateur du site <a href=\"http:\/\/www.charleenmusic.com\">www.charleenmusic.com<\/a> dispose d&rsquo;un droit d&rsquo;acc\u00e8s, de modification et de suppression des informations collect\u00e9es. Pour exercer ce droit, envoyez un message \u00e0 la D\u00e9l\u00e9gu\u00e9e \u00e0 la Protection des Donn\u00e9es : Charline KOZMIK <strong>&#8211;\u00a0<\/strong>bonjour@beltane-conseil.fr<\/p>\n<p>Pour plus d&rsquo;informations sur la fa\u00e7on dont nous traitons vos donn\u00e9es (type de donn\u00e9es, finalit\u00e9, destinataire&#8230;), lisez notre\u00a0<a href=\"https:\/\/www.beltane-conseil.fr\/?page_id=261\">Politique de Confidentialit\u00e9<\/a>.<\/p>\n<h2>Liens hypertextes et cookies<\/h2>\n<p>Le site <a href=\"http:\/\/www.charleenmusic.com\">www.charleenmusic.com<\/a> contient des liens hypertextes vers d&rsquo;autres sites et d\u00e9gage toute responsabilit\u00e9 \u00e0 propos de ces liens externes ou des liens cr\u00e9\u00e9s par d&rsquo;autres sites vers <a href=\"http:\/\/www.charleenmusic.com\">www.charleenmusic.com<\/a>.<\/p>\n<p>La navigation sur le site <a href=\"http:\/\/www.charleenmusic.com\">www.charleenmusic.com<\/a> est susceptible de provoquer l&rsquo;installation de cookie(s) sur l&rsquo;ordinateur de l&rsquo;utilisateur.<\/p>\n<p>Pour plus d&rsquo;informations sur la fa\u00e7on dont nous faisons usage des cookies, lisez notre <a href=\"http:\/\/charleenmusic.com\/index.php\/confidentialite\/\">Politique de Confidentialit\u00e9<\/a>.<\/p>\n<h2>Droit applicable et attribution de juridiction<\/h2>\n<p>Tout litige en relation avec l&rsquo;utilisation du site <a href=\"http:\/\/www.charleenmusic.com\">www.charleenmusic.com<\/a>\u00a0est soumis au droit fran\u00e7ais. En dehors des cas o\u00f9 la loi ne le permet pas, il est fait attribution exclusive de juridiction aux tribunaux comp\u00e9tents de Chamb\u00e9ry.<\/p>\n<h2>\n\t\tSOCIAL\n\t<\/h2>\n\n","protected":false},"excerpt":{"rendered":"<p>MENTIONS L\u00c9GALES \u00c9dition du site En vertu de l&rsquo;article 6 de la loi n\u00b0 2004-575 du 21 juin 2004 pour la confiance dans l&rsquo;\u00e9conomie num\u00e9rique, il est pr\u00e9cis\u00e9 aux utilisateurs du site internet www.charleenmusic.com\u00a0l&rsquo;identit\u00e9 des diff\u00e9rents intervenants dans le cadre de sa r\u00e9alisation et de son suivi : Propri\u00e9taire du site :\u00a0Charline KOZMK &#8211;\u00a0bonjour@beltane-conseil.fr Directeur&hellip;&nbsp;<a href=\"https:\/\/charleenmusic.com\/index.php\/mentions-legales\/\" class=\"\" rel=\"bookmark\">Lire la suite &raquo;<span class=\"screen-reader-text\">Mentions l\u00e9gales<\/span><\/a><\/p>\n","protected":false},"author":1,"featured_media":0,"parent":0,"menu_order":0,"comment_status":"closed","ping_status":"closed","template":"","meta":{"neve_meta_sidebar":"","neve_meta_container":"","neve_meta_enable_content_width":"","neve_meta_content_width":0,"neve_meta_title_alignment":"","neve_meta_author_avatar":"","neve_post_elements_order":"","neve_meta_disable_header":"","neve_meta_disable_footer":"","neve_meta_disable_title":"","footnotes":""},"class_list":["post-127","page","type-page","status-publish","hentry"],"yoast_head":"<!-- This site is optimized with the Yoast SEO plugin v22.5 - https:\/\/yoast.com\/wordpress\/plugins\/seo\/ -->\n<title>Mentions l\u00e9gales - Charleen Music<\/title>\n<meta name=\"robots\" content=\"noindex, nofollow\" \/>\n<meta property=\"og:locale\" content=\"fr_FR\" \/>\n<meta property=\"og:type\" content=\"article\" \/>\n<meta property=\"og:title\" content=\"Mentions l\u00e9gales - Charleen Music\" \/>\n<meta property=\"og:description\" content=\"MENTIONS L\u00c9GALES \u00c9dition du site En vertu de l&rsquo;article 6 de la loi n\u00b0 2004-575 du 21 juin 2004 pour la confiance dans l&rsquo;\u00e9conomie num\u00e9rique, il est pr\u00e9cis\u00e9 aux utilisateurs du site internet www.charleenmusic.com\u00a0l&rsquo;identit\u00e9 des diff\u00e9rents intervenants dans le cadre de sa r\u00e9alisation et de son suivi : Propri\u00e9taire du site :\u00a0Charline KOZMK &#8211;\u00a0bonjour@beltane-conseil.fr Directeur&hellip;&nbsp;Lire la suite &raquo;Mentions l\u00e9gales\" \/>\n<meta property=\"og:url\" content=\"https:\/\/charleenmusic.com\/index.php\/mentions-legales\/\" \/>\n<meta property=\"og:site_name\" content=\"Charleen Music\" \/>\n<meta property=\"article:modified_time\" content=\"2026-02-09T13:39:05+00:00\" \/>\n<meta name=\"twitter:card\" content=\"summary_large_image\" \/>\n<meta name=\"twitter:label1\" content=\"Dur\u00e9e de lecture estim\u00e9e\" \/>\n\t<meta name=\"twitter:data1\" content=\"3 minutes\" \/>\n<script type=\"application\/ld+json\" class=\"yoast-schema-graph\">{\"@context\":\"https:\/\/schema.org\",\"@graph\":[{\"@type\":\"WebPage\",\"@id\":\"https:\/\/charleenmusic.com\/index.php\/mentions-legales\/\",\"url\":\"https:\/\/charleenmusic.com\/index.php\/mentions-legales\/\",\"name\":\"Mentions l\u00e9gales - Charleen Music\",\"isPartOf\":{\"@id\":\"https:\/\/charleenmusic.com\/#website\"},\"datePublished\":\"2022-10-08T16:36:15+00:00\",\"dateModified\":\"2026-02-09T13:39:05+00:00\",\"breadcrumb\":{\"@id\":\"https:\/\/charleenmusic.com\/index.php\/mentions-legales\/#breadcrumb\"},\"inLanguage\":\"fr-FR\",\"potentialAction\":[{\"@type\":\"ReadAction\",\"target\":[\"https:\/\/charleenmusic.com\/index.php\/mentions-legales\/\"]}]},{\"@type\":\"BreadcrumbList\",\"@id\":\"https:\/\/charleenmusic.com\/index.php\/mentions-legales\/#breadcrumb\",\"itemListElement\":[{\"@type\":\"ListItem\",\"position\":1,\"name\":\"Accueil\",\"item\":\"https:\/\/charleenmusic.com\/\"},{\"@type\":\"ListItem\",\"position\":2,\"name\":\"Mentions l\u00e9gales\"}]},{\"@type\":\"WebSite\",\"@id\":\"https:\/\/charleenmusic.com\/#website\",\"url\":\"https:\/\/charleenmusic.com\/\",\"name\":\"Charleen Music\",\"description\":\"Auteure, compositrice, interpr\u00e8te\",\"potentialAction\":[{\"@type\":\"SearchAction\",\"target\":{\"@type\":\"EntryPoint\",\"urlTemplate\":\"https:\/\/charleenmusic.com\/?s={search_term_string}\"},\"query-input\":\"required name=search_term_string\"}],\"inLanguage\":\"fr-FR\"}]}<\/script>\n<!-- \/ Yoast SEO plugin. -->","yoast_head_json":{"title":"Mentions l\u00e9gales - Charleen Music","robots":{"index":"noindex","follow":"nofollow"},"og_locale":"fr_FR","og_type":"article","og_title":"Mentions l\u00e9gales - Charleen Music","og_description":"MENTIONS L\u00c9GALES \u00c9dition du site En vertu de l&rsquo;article 6 de la loi n\u00b0 2004-575 du 21 juin 2004 pour la confiance dans l&rsquo;\u00e9conomie num\u00e9rique, il est pr\u00e9cis\u00e9 aux utilisateurs du site internet www.charleenmusic.com\u00a0l&rsquo;identit\u00e9 des diff\u00e9rents intervenants dans le cadre de sa r\u00e9alisation et de son suivi : Propri\u00e9taire du site :\u00a0Charline KOZMK &#8211;\u00a0bonjour@beltane-conseil.fr Directeur&hellip;&nbsp;Lire la suite &raquo;Mentions l\u00e9gales","og_url":"https:\/\/charleenmusic.com\/index.php\/mentions-legales\/","og_site_name":"Charleen Music","article_modified_time":"2026-02-09T13:39:05+00:00","twitter_card":"summary_large_image","twitter_misc":{"Dur\u00e9e de lecture estim\u00e9e":"3 minutes"},"schema":{"@context":"https:\/\/schema.org","@graph":[{"@type":"WebPage","@id":"https:\/\/charleenmusic.com\/index.php\/mentions-legales\/","url":"https:\/\/charleenmusic.com\/index.php\/mentions-legales\/","name":"Mentions l\u00e9gales - Charleen Music","isPartOf":{"@id":"https:\/\/charleenmusic.com\/#website"},"datePublished":"2022-10-08T16:36:15+00:00","dateModified":"2026-02-09T13:39:05+00:00","breadcrumb":{"@id":"https:\/\/charleenmusic.com\/index.php\/mentions-legales\/#breadcrumb"},"inLanguage":"fr-FR","potentialAction":[{"@type":"ReadAction","target":["https:\/\/charleenmusic.com\/index.php\/mentions-legales\/"]}]},{"@type":"BreadcrumbList","@id":"https:\/\/charleenmusic.com\/index.php\/mentions-legales\/#breadcrumb","itemListElement":[{"@type":"ListItem","position":1,"name":"Accueil","item":"https:\/\/charleenmusic.com\/"},{"@type":"ListItem","position":2,"name":"Mentions l\u00e9gales"}]},{"@type":"WebSite","@id":"https:\/\/charleenmusic.com\/#website","url":"https:\/\/charleenmusic.com\/","name":"Charleen Music","description":"Auteure, compositrice, interpr\u00e8te","potentialAction":[{"@type":"SearchAction","target":{"@type":"EntryPoint","urlTemplate":"https:\/\/charleenmusic.com\/?s={search_term_string}"},"query-input":"required name=search_term_string"}],"inLanguage":"fr-FR"}]}},"_links":{"self":[{"href":"https:\/\/charleenmusic.com\/index.php\/wp-json\/wp\/v2\/pages\/127","targetHints":{"allow":["GET"]}}],"collection":[{"href":"https:\/\/charleenmusic.com\/index.php\/wp-json\/wp\/v2\/pages"}],"about":[{"href":"https:\/\/charleenmusic.com\/index.php\/wp-json\/wp\/v2\/types\/page"}],"author":[{"embeddable":true,"href":"https:\/\/charleenmusic.com\/index.php\/wp-json\/wp\/v2\/users\/1"}],"replies":[{"embeddable":true,"href":"https:\/\/charleenmusic.com\/index.php\/wp-json\/wp\/v2\/comments?post=127"}],"version-history":[{"count":4,"href":"https:\/\/charleenmusic.com\/index.php\/wp-json\/wp\/v2\/pages\/127\/revisions"}],"predecessor-version":[{"id":372,"href":"https:\/\/charleenmusic.com\/index.php\/wp-json\/wp\/v2\/pages\/127\/revisions\/372"}],"wp:attachment":[{"href":"https:\/\/charleenmusic.com\/index.php\/wp-json\/wp\/v2\/media?parent=127"}],"curies":[{"name":"wp","href":"https:\/\/api.w.org\/{rel}","templated":true}]}}