{"id":14,"date":"2022-09-13T12:17:30","date_gmt":"2022-09-13T10:17:30","guid":{"rendered":"https:\/\/charleenmusic.com\/?page_id=14"},"modified":"2026-05-01T12:50:04","modified_gmt":"2026-05-01T10:50:04","slug":"charleen","status":"publish","type":"page","link":"https:\/\/charleenmusic.com\/","title":{"rendered":"D\u00e9couvrez l&rsquo;univers de Charleen"},"content":{"rendered":"\n\n<p><em><strong><img decoding=\"async\" role=\"img\" draggable=\"false\" src=\"https:\/\/s.w.org\/images\/core\/emoji\/17.0.2\/svg\/1f1ec-1f1e7.svg\" alt=\"\ud83c\uddec\ud83c\udde7\" \/> <\/strong><a href=\"https:\/\/charleenmusic.com\/index.php\/charleen-en\/\">For English version, click here<\/a><\/em><\/p>\n\t\t\t\t<img loading=\"lazy\" decoding=\"async\" src=\"https:\/\/charleenmusic.com\/wp-content\/uploads\/2026\/02\/Charleen-Supersonic-c-LauraGilli-3-scaled.jpg\" alt=\"Charleen music\" itemprop=\"image\" height=\"2560\" width=\"1707\" title=\"Charleen Indochine\" onerror=\"this.style.display='none'\"  \/>\n<h2>\n\t\tBIOGRAPHIE\n\t<\/h2>\n<p><strong>Entre ombres et lumi\u00e8res, Charleen fa\u00e7onne une esth\u00e9tique sonore h\u00e9rit\u00e9e des ann\u00e9es 80 mais r\u00e9solument moderne.\u00a0\u00a0<\/strong><\/p>\n<p>\u00c0 la crois\u00e9e de l&rsquo;indie rock et de la new wave, l&rsquo;univers de Charleen s&rsquo;appuie sur une guitare rythmique satur\u00e9e, des riffs planants et des synth\u00e9s r\u00e9tros.\u00a0<\/p>\n<p>Sa voix porte des textes en anglais qui explorent le rapport \u00e0 la libert\u00e9, la dualit\u00e9 int\u00e9rieure et la part d&rsquo;ombre que chacun porte en soi.\u00a0<\/p>\n<p>Seule sur sc\u00e8ne, l&rsquo;artiste d\u00e9voile un univers minimaliste \u00e0 la fois percutant et intimiste.<\/p>\n<p>Charleen a r\u00e9cemment collabor\u00e9 avec le groupe Indochine en co-signant la composition de leur dernier single, No Name.<\/p>\n<p>Cr\u00e9dit photo : Laura Gilli<\/p>\n<h2>\n\t\tLIVE\n\t<\/h2>\n\t<a href=\"https:\/\/www.songkick.com\/artists\/10386646\" data-theme=\"light\" data-track-button=\"off\" data-detect-style=\"on\" data-locale=\"fr\" data-other-artists=\"on\" data-share-button=\"off\" data-country-filter=\"off\" data-rsvp=\"on\" data-request-show=\"off\" data-past-events=\"off\" data-past-events-offtour=\"off\" data-remind-me=\"off\"> <\/a>\n<h2>\n\t\tDISCOGRAPHIE\n\t<\/h2>\n\t\t\t\t<img loading=\"lazy\" decoding=\"async\" src=\"https:\/\/charleenmusic.com\/wp-content\/uploads\/2025\/02\/Pochette-OTC-BD-300x300.jpg\" alt=\"Outside the cage\" itemprop=\"image\" height=\"300\" width=\"300\" title=\"Charleen single\" onerror=\"this.style.display='none'\"  \/>\n<h2>\n\t\t2025 &#8211; Outside the Cage (single)\n\t<\/h2>\n\tEn f\u00e9vrier 2025, Charleen d\u00e9voile un nouveau single,\u00a0<strong>Outside the Cage<\/strong>, qui marque un tournant dans son univers artistique.<br \/>\nPlus affirm\u00e9, ce titre embrasse pleinement ses influences r\u00e9tro, m\u00ealant guitares satur\u00e9es, synth\u00e9s analogiques et texture vintage. Une nouvelle \u00e9tape pour l&rsquo;artiste qui affirme sa direction musicale avec une intensit\u00e9 renouvel\u00e9e.\n\t<p>Pour \u00e9couter le single :<\/p>\n\t\t\t\t<img loading=\"lazy\" decoding=\"async\" src=\"https:\/\/charleenmusic.com\/wp-content\/uploads\/2026\/05\/POCHETTE-SOLSTICE-RECTO-300x300.jpg\" alt=\"Solstice Charleen\" itemprop=\"image\" height=\"300\" width=\"300\" title=\"Solstice Charleen\" onerror=\"this.style.display='none'\"  \/>\n<h2>\n\t\t2026 &#8211; Solstice (Single)\n\t<\/h2>\n\tSolstice est un hommage vibrant \u00e0 l&rsquo;Angleterre et aux influences musicales dont Charleen s&rsquo;inspire depuis toujours.<br \/>\nNourrie par cette culture musicale britannique, elle y puise une part essentielle de sa cr\u00e9ativit\u00e9.\n<p>\u00c0 travers ce titre, l&rsquo;artiste amorce un nouveau chapitre de son parcours artistique en tournant son regard vers la sc\u00e8ne britannique, o\u00f9 elle aspire \u00e0 faire r\u00e9sonner sa musique.<\/p>\n<p>C&rsquo;est donc tout naturellement que Londres s&rsquo;est impos\u00e9e comme le d\u00e9cor du clip de Solstice, ville embl\u00e9matique de la culture rock d&rsquo;outre manche.<\/p>\n1. Solstice (Extended Version)<br \/>\n2. Solstice (Radio Edit)<br \/>\n3. Solstice (Instrumental)\n\t<p>Pour \u00e9couter le single :<\/p>\n<h2>\n\t\tCOLLABORATIONS\n\t<\/h2>\n\t\t\t\t<a href=\"https:\/\/indo.fr\/albums\/blackcityparade\/\" target=\"_self\" itemprop=\"url\">\n\t\t\t\t<img loading=\"lazy\" decoding=\"async\" src=\"https:\/\/charleenmusic.com\/wp-content\/uploads\/2022\/09\/61BinYSAanL._SL1200_-300x298.jpg\" alt=\"black city parade\" itemprop=\"image\" height=\"298\" width=\"300\" title=\"Black City Parade\" onerror=\"this.style.display='none'\"  \/>\n\t\t\t\t<\/a>\n<h2>\n\t\t2013 &#8211; <em>Choriste<\/em> Black City Parade avec Indochine\n\t<\/h2>\n\t<p><strong>Black City Parade<\/strong> marque le d\u00e9but d&rsquo;une collaboration avec le groupe Indochine. Charleen enregistre les ch\u0153urs de six titres figurant sur l&rsquo;album sorti en 2013 :<\/p>\n<ul>\n<li>Black Ouverture<\/li>\n<li>Black City Parade<\/li>\n<li>College Boy<\/li>\n<li>Le Fond de l&rsquo;Air est Rouge<\/li>\n<li>Europane (ou le Dernier Bal)<\/li>\n<li>Salom\u00e9<\/li>\n<\/ul>\n<p>Charleen appara\u00eet \u00e9galement sur les vid\u00e9os diffus\u00e9es en live lors de la tourn\u00e9e Black City Tour, de 2013 \u00e0 2014.<\/p>\n\t\t\t\t<img loading=\"lazy\" decoding=\"async\" src=\"https:\/\/charleenmusic.com\/wp-content\/uploads\/2024\/09\/BABEL-BABEL-300x300.jpg\" alt=\"Babel Babel Indochine\" itemprop=\"image\" height=\"300\" width=\"300\" title=\"BABEL-BABEL\" onerror=\"this.style.display='none'\"  \/>\n<h2>\n\t\t2024 &#8211; Babel Babel &#8211; Indochine<br \/><em>Co-compositrice du titre \u00ab\u00a0No Name\u00a0\u00bb<\/em>\n\t<\/h2>\n\t<p>Douze ans apr\u00e8s sa premi\u00e8re collaboration avec Indochine, Charleen co-signe avec Nicola Sirkis le titre <strong>No Name<\/strong>, extrait du double album Babel Babel (2024).<\/p>\n<p>Parue le 7 septembre 2024 sur le second disque de ce double album, <strong>No Name <\/strong>nous plonge dans des sonorit\u00e9s new wave entrainantes.<\/p>\n\t\t\t\t<img loading=\"lazy\" decoding=\"async\" src=\"https:\/\/charleenmusic.com\/wp-content\/uploads\/2025\/08\/FB-IMG-1756107756696-300x275.jpg\" alt=\"No Name Indochine\" itemprop=\"image\" height=\"275\" width=\"300\" title=\"No Name Indochine\" onerror=\"this.style.display='none'\"  \/>\n<h2>\n\t\t2025 &#8211; No Name &#8211; Indochine (single)\n\t<\/h2>\n\t<p><em><strong>No Name<\/strong><\/em>, titre co-compos\u00e9 avec Nicola Sirkis et paru sur le second disque du double album Babel Babel d&rsquo;Indochine, est sorti en Maxi Single le 25 ao\u00fbt 2025 avec 4 versions du titre.<\/p>\n1. Album version<br \/>\n2. Single version<br \/>\n3. Instrumental<br \/>\n4. Live\n<h2>\n\t\tMERCHANDISING\n\t<\/h2>\n\t\t\t\t<a href=\"https:\/\/charleenmusic.bandcamp.com\/album\/solstice-single\" target=\"_blank\" rel=\"noopener\"  itemprop=\"url\">\n\t\t\t\t<img loading=\"lazy\" decoding=\"async\" src=\"https:\/\/charleenmusic.com\/wp-content\/uploads\/2026\/05\/ARTWORK-VINYLE.png\" alt=\"Vinyle Solstice\" itemprop=\"image\" height=\"900\" width=\"1200\" title=\"Charleen vinyle\" onerror=\"this.style.display='none'\"  \/>\n\t\t\t\t<\/a>\n\t\t\t\t<a href=\"https:\/\/charleenmusic.bandcamp.com\/merch\/tote-bag-outside-the-cage\" target=\"_blank\" rel=\"noopener\"  itemprop=\"url\">\n\t\t\t\t<img loading=\"lazy\" decoding=\"async\" src=\"https:\/\/charleenmusic.com\/wp-content\/uploads\/2026\/03\/Black-tote-bag.png\" alt=\"Tote Bag Charleen\" itemprop=\"image\" height=\"900\" width=\"1200\" title=\"Black tote bag\" onerror=\"this.style.display='none'\"  \/>\n\t\t\t\t<\/a>\n\t\t\t<a href=\"https:\/\/charleenmusic.bandcamp.com\/merch\/\" target=\"_blank\" rel=\"noopener\">\n\t\t\t\t\t\t\tAcheter\n\t\t\t\t\t<\/a>\n<h2>\n\t\tGALERIE\n\t<\/h2>\n\t\t\t<a href=\"https:\/\/charleenmusic.com\/index.php\/galerie\/\" target=\"_self\">\n\t\t\t\t\t\t\tCliquez ici\n\t\t\t\t\t<\/a>\n<h2>\n\t\tCONTACT\n\t<\/h2>\n\t<div class=\"wpforms-container wpforms-container-full\" id=\"wpforms-80\"><form id=\"wpforms-form-80\" class=\"wpforms-validate wpforms-form wpforms-ajax-form\" data-formid=\"80\" method=\"post\" enctype=\"multipart\/form-data\" action=\"\/index.php\/wp-json\/wp\/v2\/pages\/14\" data-token=\"60390dbfc83a957222ba83c54996a1f6\"><noscript class=\"wpforms-error-noscript\">Veuillez activer JavaScript dans votre navigateur pour remplir ce formulaire.<\/noscript><div class=\"wpforms-field-container\"><div id=\"wpforms-80-field_0-container\" class=\"wpforms-field wpforms-field-name\" data-field-id=\"0\"><label class=\"wpforms-field-label\" for=\"wpforms-80-field_0\">Nom <span class=\"wpforms-required-label\">*<\/span><\/label><input type=\"text\" id=\"wpforms-80-field_0\" class=\"wpforms-field-medium wpforms-field-required\" name=\"wpforms[fields][0]\" required><\/div><div id=\"wpforms-80-field_1-container\" class=\"wpforms-field wpforms-field-email\" data-field-id=\"1\"><label class=\"wpforms-field-label\" for=\"wpforms-80-field_1\">E-mail <span class=\"wpforms-required-label\">*<\/span><\/label><input type=\"email\" id=\"wpforms-80-field_1\" class=\"wpforms-field-medium wpforms-field-required\" name=\"wpforms[fields][1]\" spellcheck=\"false\" required><\/div><div id=\"wpforms-80-field_2-container\" class=\"wpforms-field wpforms-field-textarea\" data-field-id=\"2\"><label class=\"wpforms-field-label\" for=\"wpforms-80-field_2\">Message <span class=\"wpforms-required-label\">*<\/span><\/label><textarea id=\"wpforms-80-field_2\" class=\"wpforms-field-medium wpforms-field-required\" name=\"wpforms[fields][2]\" required><\/textarea><\/div><div id=\"wpforms-80-field_3-container\" class=\"wpforms-field wpforms-field-checkbox\" data-field-id=\"3\"><label class=\"wpforms-field-label\" for=\"wpforms-80-field_3\">Confidentialit\u00e9 <span class=\"wpforms-required-label\">*<\/span><\/label><ul id=\"wpforms-80-field_3\" class=\"wpforms-field-required\"><li class=\"choice-1 depth-1\"><input type=\"checkbox\" id=\"wpforms-80-field_3_1\" name=\"wpforms[fields][3][]\" value=\"J\u2019accepte que les informations saisies ci-dessus soient utilis\u00e9es par Charleen afin d&#039;\u00eatre recontact\u00e9(e).\" required ><label class=\"wpforms-field-label-inline\" for=\"wpforms-80-field_3_1\">J\u2019accepte que les informations saisies ci-dessus soient utilis\u00e9es par Charleen afin d'\u00eatre recontact\u00e9(e).<\/label><\/li><\/ul><\/div><\/div><!-- .wpforms-field-container --><div class=\"wpforms-recaptcha-container wpforms-is-hcaptcha\" ><div class=\"g-recaptcha\" data-sitekey=\"2c11c1f1-12c2-4f6a-b462-c827675cc23a\"><\/div><input type=\"text\" name=\"g-recaptcha-hidden\" class=\"wpforms-recaptcha-hidden\" style=\"position:absolute!important;clip:rect(0,0,0,0)!important;height:1px!important;width:1px!important;border:0!important;overflow:hidden!important;padding:0!important;margin:0!important;\" data-rule-hcaptcha=\"1\"><\/div><div class=\"wpforms-submit-container\" ><input type=\"hidden\" name=\"wpforms[id]\" value=\"80\"><input type=\"hidden\" name=\"wpforms[author]\" value=\"1\"><button type=\"submit\" name=\"wpforms[submit]\" id=\"wpforms-submit-80\" class=\"wpforms-submit\" data-alt-text=\"Envoi...\" data-submit-text=\"Envoyer\" aria-live=\"assertive\" value=\"wpforms-submit\">Envoyer<\/button><img loading=\"lazy\" decoding=\"async\" src=\"https:\/\/charleenmusic.com\/wp-content\/plugins\/wpforms-lite\/assets\/images\/submit-spin.svg\" class=\"wpforms-submit-spinner\" style=\"display: none;\" width=\"26\" height=\"26\" alt=\"Chargement en cours\"><\/div><\/form><\/div>  <!-- .wpforms-container -->\n<h2>\n\t\tSOCIAL\n\t<\/h2>\n\n","protected":false},"excerpt":{"rendered":"<p>For English version, click here BIOGRAPHIE Entre ombres et lumi\u00e8res, Charleen fa\u00e7onne une esth\u00e9tique sonore h\u00e9rit\u00e9e des ann\u00e9es 80 mais r\u00e9solument moderne.\u00a0\u00a0 \u00c0 la crois\u00e9e de l&rsquo;indie rock et de la new wave, l&rsquo;univers de Charleen s&rsquo;appuie sur une guitare rythmique satur\u00e9e, des riffs planants et des synth\u00e9s r\u00e9tros.\u00a0 Sa voix porte des textes en&hellip;&nbsp;<a href=\"https:\/\/charleenmusic.com\/\" class=\"\" rel=\"bookmark\">Lire la suite &raquo;<span class=\"screen-reader-text\">D\u00e9couvrez l&rsquo;univers de Charleen<\/span><\/a><\/p>\n","protected":false},"author":1,"featured_media":0,"parent":0,"menu_order":0,"comment_status":"closed","ping_status":"closed","template":"","meta":{"neve_meta_sidebar":"","neve_meta_container":"","neve_meta_enable_content_width":"","neve_meta_content_width":0,"neve_meta_title_alignment":"","neve_meta_author_avatar":"","neve_post_elements_order":"","neve_meta_disable_header":"","neve_meta_disable_footer":"","neve_meta_disable_title":"","footnotes":""},"class_list":["post-14","page","type-page","status-publish","hentry"],"yoast_head":"<!-- This site is optimized with the Yoast SEO plugin v22.5 - https:\/\/yoast.com\/wordpress\/plugins\/seo\/ -->\n<title>Charleen, indie rock new wave<\/title>\n<meta name=\"description\" content=\"Charleen est auteure, compositrice, interpr\u00e8te. Elle a notamment co-sign\u00e9 le titre No Name sur le dernier album d&#039;Indochine.\" \/>\n<meta name=\"robots\" content=\"noindex, nofollow\" \/>\n<meta property=\"og:locale\" content=\"fr_FR\" \/>\n<meta property=\"og:type\" content=\"article\" \/>\n<meta property=\"og:title\" content=\"Charleen, indie rock new wave\" \/>\n<meta property=\"og:description\" content=\"Charleen est auteure, compositrice, interpr\u00e8te. Elle a notamment co-sign\u00e9 le titre No Name sur le dernier album d&#039;Indochine.\" \/>\n<meta property=\"og:url\" content=\"https:\/\/charleenmusic.com\/\" \/>\n<meta property=\"og:site_name\" content=\"Charleen Music\" \/>\n<meta property=\"article:modified_time\" content=\"2026-05-01T10:50:04+00:00\" \/>\n<meta property=\"og:image\" content=\"https:\/\/s.w.org\/images\/core\/emoji\/17.0.2\/svg\/1f1ec-1f1e7.svg\" \/>\n<meta name=\"twitter:card\" content=\"summary_large_image\" \/>\n<meta name=\"twitter:label1\" content=\"Dur\u00e9e de lecture estim\u00e9e\" \/>\n\t<meta name=\"twitter:data1\" content=\"3 minutes\" \/>\n<script type=\"application\/ld+json\" class=\"yoast-schema-graph\">{\"@context\":\"https:\/\/schema.org\",\"@graph\":[{\"@type\":\"WebPage\",\"@id\":\"https:\/\/charleenmusic.com\/\",\"url\":\"https:\/\/charleenmusic.com\/\",\"name\":\"Charleen, indie rock new wave\",\"isPartOf\":{\"@id\":\"https:\/\/charleenmusic.com\/#website\"},\"primaryImageOfPage\":{\"@id\":\"https:\/\/charleenmusic.com\/#primaryimage\"},\"image\":{\"@id\":\"https:\/\/charleenmusic.com\/#primaryimage\"},\"thumbnailUrl\":\"https:\/\/s.w.org\/images\/core\/emoji\/17.0.2\/svg\/1f1ec-1f1e7.svg\",\"datePublished\":\"2022-09-13T10:17:30+00:00\",\"dateModified\":\"2026-05-01T10:50:04+00:00\",\"description\":\"Charleen est auteure, compositrice, interpr\u00e8te. Elle a notamment co-sign\u00e9 le titre No Name sur le dernier album d'Indochine.\",\"breadcrumb\":{\"@id\":\"https:\/\/charleenmusic.com\/#breadcrumb\"},\"inLanguage\":\"fr-FR\",\"potentialAction\":[{\"@type\":\"ReadAction\",\"target\":[\"https:\/\/charleenmusic.com\/\"]}]},{\"@type\":\"ImageObject\",\"inLanguage\":\"fr-FR\",\"@id\":\"https:\/\/charleenmusic.com\/#primaryimage\",\"url\":\"https:\/\/s.w.org\/images\/core\/emoji\/17.0.2\/svg\/1f1ec-1f1e7.svg\",\"contentUrl\":\"https:\/\/s.w.org\/images\/core\/emoji\/17.0.2\/svg\/1f1ec-1f1e7.svg\"},{\"@type\":\"BreadcrumbList\",\"@id\":\"https:\/\/charleenmusic.com\/#breadcrumb\",\"itemListElement\":[{\"@type\":\"ListItem\",\"position\":1,\"name\":\"Accueil\",\"item\":\"https:\/\/charleenmusic.com\/\"},{\"@type\":\"ListItem\",\"position\":2,\"name\":\"D\u00e9couvrez l&rsquo;univers de Charleen\"}]},{\"@type\":\"WebSite\",\"@id\":\"https:\/\/charleenmusic.com\/#website\",\"url\":\"https:\/\/charleenmusic.com\/\",\"name\":\"Charleen Music\",\"description\":\"Auteure, compositrice, interpr\u00e8te\",\"potentialAction\":[{\"@type\":\"SearchAction\",\"target\":{\"@type\":\"EntryPoint\",\"urlTemplate\":\"https:\/\/charleenmusic.com\/?s={search_term_string}\"},\"query-input\":\"required name=search_term_string\"}],\"inLanguage\":\"fr-FR\"}]}<\/script>\n<!-- \/ Yoast SEO plugin. -->","yoast_head_json":{"title":"Charleen, indie rock new wave","description":"Charleen est auteure, compositrice, interpr\u00e8te. Elle a notamment co-sign\u00e9 le titre No Name sur le dernier album d'Indochine.","robots":{"index":"noindex","follow":"nofollow"},"og_locale":"fr_FR","og_type":"article","og_title":"Charleen, indie rock new wave","og_description":"Charleen est auteure, compositrice, interpr\u00e8te. Elle a notamment co-sign\u00e9 le titre No Name sur le dernier album d'Indochine.","og_url":"https:\/\/charleenmusic.com\/","og_site_name":"Charleen Music","article_modified_time":"2026-05-01T10:50:04+00:00","og_image":[{"url":"https:\/\/s.w.org\/images\/core\/emoji\/17.0.2\/svg\/1f1ec-1f1e7.svg"}],"twitter_card":"summary_large_image","twitter_misc":{"Dur\u00e9e de lecture estim\u00e9e":"3 minutes"},"schema":{"@context":"https:\/\/schema.org","@graph":[{"@type":"WebPage","@id":"https:\/\/charleenmusic.com\/","url":"https:\/\/charleenmusic.com\/","name":"Charleen, indie rock new wave","isPartOf":{"@id":"https:\/\/charleenmusic.com\/#website"},"primaryImageOfPage":{"@id":"https:\/\/charleenmusic.com\/#primaryimage"},"image":{"@id":"https:\/\/charleenmusic.com\/#primaryimage"},"thumbnailUrl":"https:\/\/s.w.org\/images\/core\/emoji\/17.0.2\/svg\/1f1ec-1f1e7.svg","datePublished":"2022-09-13T10:17:30+00:00","dateModified":"2026-05-01T10:50:04+00:00","description":"Charleen est auteure, compositrice, interpr\u00e8te. Elle a notamment co-sign\u00e9 le titre No Name sur le dernier album d'Indochine.","breadcrumb":{"@id":"https:\/\/charleenmusic.com\/#breadcrumb"},"inLanguage":"fr-FR","potentialAction":[{"@type":"ReadAction","target":["https:\/\/charleenmusic.com\/"]}]},{"@type":"ImageObject","inLanguage":"fr-FR","@id":"https:\/\/charleenmusic.com\/#primaryimage","url":"https:\/\/s.w.org\/images\/core\/emoji\/17.0.2\/svg\/1f1ec-1f1e7.svg","contentUrl":"https:\/\/s.w.org\/images\/core\/emoji\/17.0.2\/svg\/1f1ec-1f1e7.svg"},{"@type":"BreadcrumbList","@id":"https:\/\/charleenmusic.com\/#breadcrumb","itemListElement":[{"@type":"ListItem","position":1,"name":"Accueil","item":"https:\/\/charleenmusic.com\/"},{"@type":"ListItem","position":2,"name":"D\u00e9couvrez l&rsquo;univers de Charleen"}]},{"@type":"WebSite","@id":"https:\/\/charleenmusic.com\/#website","url":"https:\/\/charleenmusic.com\/","name":"Charleen Music","description":"Auteure, compositrice, interpr\u00e8te","potentialAction":[{"@type":"SearchAction","target":{"@type":"EntryPoint","urlTemplate":"https:\/\/charleenmusic.com\/?s={search_term_string}"},"query-input":"required name=search_term_string"}],"inLanguage":"fr-FR"}]}},"_links":{"self":[{"href":"https:\/\/charleenmusic.com\/index.php\/wp-json\/wp\/v2\/pages\/14","targetHints":{"allow":["GET"]}}],"collection":[{"href":"https:\/\/charleenmusic.com\/index.php\/wp-json\/wp\/v2\/pages"}],"about":[{"href":"https:\/\/charleenmusic.com\/index.php\/wp-json\/wp\/v2\/types\/page"}],"author":[{"embeddable":true,"href":"https:\/\/charleenmusic.com\/index.php\/wp-json\/wp\/v2\/users\/1"}],"replies":[{"embeddable":true,"href":"https:\/\/charleenmusic.com\/index.php\/wp-json\/wp\/v2\/comments?post=14"}],"version-history":[{"count":152,"href":"https:\/\/charleenmusic.com\/index.php\/wp-json\/wp\/v2\/pages\/14\/revisions"}],"predecessor-version":[{"id":417,"href":"https:\/\/charleenmusic.com\/index.php\/wp-json\/wp\/v2\/pages\/14\/revisions\/417"}],"wp:attachment":[{"href":"https:\/\/charleenmusic.com\/index.php\/wp-json\/wp\/v2\/media?parent=14"}],"curies":[{"name":"wp","href":"https:\/\/api.w.org\/{rel}","templated":true}]}}