{"id":332,"date":"2025-08-29T10:45:08","date_gmt":"2025-08-29T08:45:08","guid":{"rendered":"https:\/\/charleenmusic.com\/?page_id=332"},"modified":"2026-05-01T12:54:05","modified_gmt":"2026-05-01T10:54:05","slug":"charleen-coverband","status":"publish","type":"page","link":"https:\/\/charleenmusic.com\/index.php\/charleen-coverband\/","title":{"rendered":"Charleen &#038; the Capogang"},"content":{"rendered":"\n\n\t\t\t\t<img loading=\"lazy\" decoding=\"async\" src=\"https:\/\/charleenmusic.com\/wp-content\/uploads\/2025\/08\/CAPOGANG-Photo.jpg\" alt=\"charleen capogang\" itemprop=\"image\" height=\"1350\" width=\"1080\" title=\"CAPOGANG - Photo\" onerror=\"this.style.display='none'\"  \/>\n<h2>\n\t\tROCK COVER BAND\n\t<\/h2>\n<strong>Charleen &amp; the Capogang<\/strong> est un projet de reprises men\u00e9 par Charleen.<br \/>\nAccompagn\u00e9e de <strong>Eric<\/strong> \u00e0 la batterie et <strong>Jack<\/strong> \u00e0 la guitare, le groupe interpr\u00e8te sur sc\u00e8ne un large r\u00e9pertoire de reprises pop \/ rock constitu\u00e9 de titres allant des ann\u00e9es 70 \u00e0 aujourd&rsquo;hui.\n<p><strong>Formations possibles :<\/strong><\/p>\n<ul>\n<li>Trio<\/li>\n<li>Trio acoustique (batterie cajon)<\/li>\n<li>Duo acoustique<\/li>\n<li>Solo acoustique<\/li>\n<\/ul>\n<p>Localisation : Savoie.<\/p>\n<p>Vous \u00eates un bar \/ restaurant \/ comit\u00e9 d&rsquo;animations ? Remplissez le formulaire ci-dessous pour toute demande de programmation.<\/p>\n\t<iframe loading=\"lazy\" width=\"560\" height=\"315\" src=\"https:\/\/www.youtube.com\/embed\/5lLd1z7HGOU?si=2TDjDui7DX3Q3y9i\" title=\"YouTube video player\" frameborder=\"0\" allow=\"accelerometer; autoplay; clipboard-write; encrypted-media; gyroscope; picture-in-picture; web-share\" referrerpolicy=\"strict-origin-when-cross-origin\" allowfullscreen><\/iframe>\n\t<iframe loading=\"lazy\" width=\"560\" height=\"315\" src=\"https:\/\/www.youtube.com\/embed\/m7h0lNjKyds?si=kHC-zNss4nH3y3NY\" title=\"YouTube video player\" frameborder=\"0\" allow=\"accelerometer; autoplay; clipboard-write; encrypted-media; gyroscope; picture-in-picture; web-share\" referrerpolicy=\"strict-origin-when-cross-origin\" allowfullscreen><\/iframe>\n<h2>\n\t\tLIVE 2026\n\t<\/h2>\n\t<p><b>SOON<\/b><\/p>\n<h2>\n\t\tBOOKING\n\t<\/h2>\n<div class=\"wpforms-container wpforms-container-full\" id=\"wpforms-80\"><form id=\"wpforms-form-80\" class=\"wpforms-validate wpforms-form wpforms-ajax-form\" data-formid=\"80\" method=\"post\" enctype=\"multipart\/form-data\" action=\"\/index.php\/wp-json\/wp\/v2\/pages\/332\" data-token=\"60390dbfc83a957222ba83c54996a1f6\"><noscript class=\"wpforms-error-noscript\">Veuillez activer JavaScript dans votre navigateur pour remplir ce formulaire.<\/noscript><div class=\"wpforms-field-container\"><div id=\"wpforms-80-field_0-container\" class=\"wpforms-field wpforms-field-name\" data-field-id=\"0\"><label class=\"wpforms-field-label\" for=\"wpforms-80-field_0\">Nom <span class=\"wpforms-required-label\">*<\/span><\/label><input type=\"text\" id=\"wpforms-80-field_0\" class=\"wpforms-field-medium wpforms-field-required\" name=\"wpforms[fields][0]\" required><\/div><div id=\"wpforms-80-field_1-container\" class=\"wpforms-field wpforms-field-email\" data-field-id=\"1\"><label class=\"wpforms-field-label\" for=\"wpforms-80-field_1\">E-mail <span class=\"wpforms-required-label\">*<\/span><\/label><input type=\"email\" id=\"wpforms-80-field_1\" class=\"wpforms-field-medium wpforms-field-required\" name=\"wpforms[fields][1]\" spellcheck=\"false\" required><\/div><div id=\"wpforms-80-field_2-container\" class=\"wpforms-field wpforms-field-textarea\" data-field-id=\"2\"><label class=\"wpforms-field-label\" for=\"wpforms-80-field_2\">Message <span class=\"wpforms-required-label\">*<\/span><\/label><textarea id=\"wpforms-80-field_2\" class=\"wpforms-field-medium wpforms-field-required\" name=\"wpforms[fields][2]\" required><\/textarea><\/div><div id=\"wpforms-80-field_3-container\" class=\"wpforms-field wpforms-field-checkbox\" data-field-id=\"3\"><label class=\"wpforms-field-label\" for=\"wpforms-80-field_3\">Confidentialit\u00e9 <span class=\"wpforms-required-label\">*<\/span><\/label><ul id=\"wpforms-80-field_3\" class=\"wpforms-field-required\"><li class=\"choice-1 depth-1\"><input type=\"checkbox\" id=\"wpforms-80-field_3_1\" name=\"wpforms[fields][3][]\" value=\"J\u2019accepte que les informations saisies ci-dessus soient utilis\u00e9es par Charleen afin d&#039;\u00eatre recontact\u00e9(e).\" required ><label class=\"wpforms-field-label-inline\" for=\"wpforms-80-field_3_1\">J\u2019accepte que les informations saisies ci-dessus soient utilis\u00e9es par Charleen afin d'\u00eatre recontact\u00e9(e).<\/label><\/li><\/ul><\/div><\/div><!-- .wpforms-field-container --><div class=\"wpforms-recaptcha-container wpforms-is-hcaptcha\" ><div class=\"g-recaptcha\" data-sitekey=\"2c11c1f1-12c2-4f6a-b462-c827675cc23a\"><\/div><input type=\"text\" name=\"g-recaptcha-hidden\" class=\"wpforms-recaptcha-hidden\" style=\"position:absolute!important;clip:rect(0,0,0,0)!important;height:1px!important;width:1px!important;border:0!important;overflow:hidden!important;padding:0!important;margin:0!important;\" data-rule-hcaptcha=\"1\"><\/div><div class=\"wpforms-submit-container\" ><input type=\"hidden\" name=\"wpforms[id]\" value=\"80\"><input type=\"hidden\" name=\"wpforms[author]\" value=\"1\"><button type=\"submit\" name=\"wpforms[submit]\" id=\"wpforms-submit-80\" class=\"wpforms-submit\" data-alt-text=\"Envoi...\" data-submit-text=\"Envoyer\" aria-live=\"assertive\" value=\"wpforms-submit\">Envoyer<\/button><img loading=\"lazy\" decoding=\"async\" src=\"https:\/\/charleenmusic.com\/wp-content\/plugins\/wpforms-lite\/assets\/images\/submit-spin.svg\" class=\"wpforms-submit-spinner\" style=\"display: none;\" width=\"26\" height=\"26\" alt=\"Chargement en cours\"><\/div><\/form><\/div>  <!-- .wpforms-container -->\n<h2>\n\t\tSOCIAL\n\t<\/h2>\n\n","protected":false},"excerpt":{"rendered":"<p>ROCK COVER BAND Charleen &amp; the Capogang est un projet de reprises men\u00e9 par Charleen. Accompagn\u00e9e de Eric \u00e0 la batterie et Jack \u00e0 la guitare, le groupe interpr\u00e8te sur sc\u00e8ne un large r\u00e9pertoire de reprises pop \/ rock constitu\u00e9 de titres allant des ann\u00e9es 70 \u00e0 aujourd&rsquo;hui. Formations possibles : Trio Trio acoustique (batterie&hellip;&nbsp;<a href=\"https:\/\/charleenmusic.com\/index.php\/charleen-coverband\/\" class=\"\" rel=\"bookmark\">Lire la suite &raquo;<span class=\"screen-reader-text\">Charleen &#038; the Capogang<\/span><\/a><\/p>\n","protected":false},"author":1,"featured_media":334,"parent":0,"menu_order":0,"comment_status":"closed","ping_status":"closed","template":"","meta":{"neve_meta_sidebar":"","neve_meta_container":"","neve_meta_enable_content_width":"","neve_meta_content_width":0,"neve_meta_title_alignment":"","neve_meta_author_avatar":"","neve_post_elements_order":"","neve_meta_disable_header":"","neve_meta_disable_footer":"","neve_meta_disable_title":"","footnotes":""},"class_list":["post-332","page","type-page","status-publish","has-post-thumbnail","hentry"],"yoast_head":"<!-- This site is optimized with the Yoast SEO plugin v22.5 - https:\/\/yoast.com\/wordpress\/plugins\/seo\/ -->\n<title>Charleen &amp; the Capogang<\/title>\n<meta name=\"description\" content=\"Charleen &amp; the Capogang est un projet de reprises men\u00e9 par Charleen. Le groupe interpr\u00e8te sur sc\u00e8ne un large r\u00e9pertoire pop\/rock.\" \/>\n<meta name=\"robots\" content=\"index, follow, max-snippet:-1, max-image-preview:large, max-video-preview:-1\" \/>\n<link rel=\"canonical\" href=\"https:\/\/charleenmusic.com\/index.php\/charleen-coverband\/\" \/>\n<meta property=\"og:locale\" content=\"fr_FR\" \/>\n<meta property=\"og:type\" content=\"article\" \/>\n<meta property=\"og:title\" content=\"Charleen &amp; the Capogang\" \/>\n<meta property=\"og:description\" content=\"Charleen &amp; the Capogang est un projet de reprises men\u00e9 par Charleen. Le groupe interpr\u00e8te sur sc\u00e8ne un large r\u00e9pertoire pop\/rock.\" \/>\n<meta property=\"og:url\" content=\"https:\/\/charleenmusic.com\/index.php\/charleen-coverband\/\" \/>\n<meta property=\"og:site_name\" content=\"Charleen Music\" \/>\n<meta property=\"article:modified_time\" content=\"2026-05-01T10:54:05+00:00\" \/>\n<meta property=\"og:image\" content=\"https:\/\/charleenmusic.com\/wp-content\/uploads\/2025\/08\/CAPOGANG-Photo.jpg\" \/>\n\t<meta property=\"og:image:width\" content=\"1080\" \/>\n\t<meta property=\"og:image:height\" content=\"1350\" \/>\n\t<meta property=\"og:image:type\" content=\"image\/jpeg\" \/>\n<meta name=\"twitter:card\" content=\"summary_large_image\" \/>\n<meta name=\"twitter:label1\" content=\"Dur\u00e9e de lecture estim\u00e9e\" \/>\n\t<meta name=\"twitter:data1\" content=\"2 minutes\" \/>\n<script type=\"application\/ld+json\" class=\"yoast-schema-graph\">{\"@context\":\"https:\/\/schema.org\",\"@graph\":[{\"@type\":\"WebPage\",\"@id\":\"https:\/\/charleenmusic.com\/index.php\/charleen-coverband\/\",\"url\":\"https:\/\/charleenmusic.com\/index.php\/charleen-coverband\/\",\"name\":\"Charleen & the Capogang\",\"isPartOf\":{\"@id\":\"https:\/\/charleenmusic.com\/#website\"},\"primaryImageOfPage\":{\"@id\":\"https:\/\/charleenmusic.com\/index.php\/charleen-coverband\/#primaryimage\"},\"image\":{\"@id\":\"https:\/\/charleenmusic.com\/index.php\/charleen-coverband\/#primaryimage\"},\"thumbnailUrl\":\"https:\/\/charleenmusic.com\/wp-content\/uploads\/2025\/08\/CAPOGANG-Photo.jpg\",\"datePublished\":\"2025-08-29T08:45:08+00:00\",\"dateModified\":\"2026-05-01T10:54:05+00:00\",\"description\":\"Charleen & the Capogang est un projet de reprises men\u00e9 par Charleen. Le groupe interpr\u00e8te sur sc\u00e8ne un large r\u00e9pertoire pop\/rock.\",\"breadcrumb\":{\"@id\":\"https:\/\/charleenmusic.com\/index.php\/charleen-coverband\/#breadcrumb\"},\"inLanguage\":\"fr-FR\",\"potentialAction\":[{\"@type\":\"ReadAction\",\"target\":[\"https:\/\/charleenmusic.com\/index.php\/charleen-coverband\/\"]}]},{\"@type\":\"ImageObject\",\"inLanguage\":\"fr-FR\",\"@id\":\"https:\/\/charleenmusic.com\/index.php\/charleen-coverband\/#primaryimage\",\"url\":\"https:\/\/charleenmusic.com\/wp-content\/uploads\/2025\/08\/CAPOGANG-Photo.jpg\",\"contentUrl\":\"https:\/\/charleenmusic.com\/wp-content\/uploads\/2025\/08\/CAPOGANG-Photo.jpg\",\"width\":1080,\"height\":1350,\"caption\":\"charleen capogang\"},{\"@type\":\"BreadcrumbList\",\"@id\":\"https:\/\/charleenmusic.com\/index.php\/charleen-coverband\/#breadcrumb\",\"itemListElement\":[{\"@type\":\"ListItem\",\"position\":1,\"name\":\"Accueil\",\"item\":\"https:\/\/charleenmusic.com\/\"},{\"@type\":\"ListItem\",\"position\":2,\"name\":\"Charleen &#038; the Capogang\"}]},{\"@type\":\"WebSite\",\"@id\":\"https:\/\/charleenmusic.com\/#website\",\"url\":\"https:\/\/charleenmusic.com\/\",\"name\":\"Charleen Music\",\"description\":\"Auteure, compositrice, interpr\u00e8te\",\"potentialAction\":[{\"@type\":\"SearchAction\",\"target\":{\"@type\":\"EntryPoint\",\"urlTemplate\":\"https:\/\/charleenmusic.com\/?s={search_term_string}\"},\"query-input\":\"required name=search_term_string\"}],\"inLanguage\":\"fr-FR\"}]}<\/script>\n<!-- \/ Yoast SEO plugin. -->","yoast_head_json":{"title":"Charleen & the Capogang","description":"Charleen & the Capogang est un projet de reprises men\u00e9 par Charleen. Le groupe interpr\u00e8te sur sc\u00e8ne un large r\u00e9pertoire pop\/rock.","robots":{"index":"index","follow":"follow","max-snippet":"max-snippet:-1","max-image-preview":"max-image-preview:large","max-video-preview":"max-video-preview:-1"},"canonical":"https:\/\/charleenmusic.com\/index.php\/charleen-coverband\/","og_locale":"fr_FR","og_type":"article","og_title":"Charleen & the Capogang","og_description":"Charleen & the Capogang est un projet de reprises men\u00e9 par Charleen. Le groupe interpr\u00e8te sur sc\u00e8ne un large r\u00e9pertoire pop\/rock.","og_url":"https:\/\/charleenmusic.com\/index.php\/charleen-coverband\/","og_site_name":"Charleen Music","article_modified_time":"2026-05-01T10:54:05+00:00","og_image":[{"width":1080,"height":1350,"url":"https:\/\/charleenmusic.com\/wp-content\/uploads\/2025\/08\/CAPOGANG-Photo.jpg","type":"image\/jpeg"}],"twitter_card":"summary_large_image","twitter_misc":{"Dur\u00e9e de lecture estim\u00e9e":"2 minutes"},"schema":{"@context":"https:\/\/schema.org","@graph":[{"@type":"WebPage","@id":"https:\/\/charleenmusic.com\/index.php\/charleen-coverband\/","url":"https:\/\/charleenmusic.com\/index.php\/charleen-coverband\/","name":"Charleen & the Capogang","isPartOf":{"@id":"https:\/\/charleenmusic.com\/#website"},"primaryImageOfPage":{"@id":"https:\/\/charleenmusic.com\/index.php\/charleen-coverband\/#primaryimage"},"image":{"@id":"https:\/\/charleenmusic.com\/index.php\/charleen-coverband\/#primaryimage"},"thumbnailUrl":"https:\/\/charleenmusic.com\/wp-content\/uploads\/2025\/08\/CAPOGANG-Photo.jpg","datePublished":"2025-08-29T08:45:08+00:00","dateModified":"2026-05-01T10:54:05+00:00","description":"Charleen & the Capogang est un projet de reprises men\u00e9 par Charleen. Le groupe interpr\u00e8te sur sc\u00e8ne un large r\u00e9pertoire pop\/rock.","breadcrumb":{"@id":"https:\/\/charleenmusic.com\/index.php\/charleen-coverband\/#breadcrumb"},"inLanguage":"fr-FR","potentialAction":[{"@type":"ReadAction","target":["https:\/\/charleenmusic.com\/index.php\/charleen-coverband\/"]}]},{"@type":"ImageObject","inLanguage":"fr-FR","@id":"https:\/\/charleenmusic.com\/index.php\/charleen-coverband\/#primaryimage","url":"https:\/\/charleenmusic.com\/wp-content\/uploads\/2025\/08\/CAPOGANG-Photo.jpg","contentUrl":"https:\/\/charleenmusic.com\/wp-content\/uploads\/2025\/08\/CAPOGANG-Photo.jpg","width":1080,"height":1350,"caption":"charleen capogang"},{"@type":"BreadcrumbList","@id":"https:\/\/charleenmusic.com\/index.php\/charleen-coverband\/#breadcrumb","itemListElement":[{"@type":"ListItem","position":1,"name":"Accueil","item":"https:\/\/charleenmusic.com\/"},{"@type":"ListItem","position":2,"name":"Charleen &#038; the Capogang"}]},{"@type":"WebSite","@id":"https:\/\/charleenmusic.com\/#website","url":"https:\/\/charleenmusic.com\/","name":"Charleen Music","description":"Auteure, compositrice, interpr\u00e8te","potentialAction":[{"@type":"SearchAction","target":{"@type":"EntryPoint","urlTemplate":"https:\/\/charleenmusic.com\/?s={search_term_string}"},"query-input":"required name=search_term_string"}],"inLanguage":"fr-FR"}]}},"_links":{"self":[{"href":"https:\/\/charleenmusic.com\/index.php\/wp-json\/wp\/v2\/pages\/332","targetHints":{"allow":["GET"]}}],"collection":[{"href":"https:\/\/charleenmusic.com\/index.php\/wp-json\/wp\/v2\/pages"}],"about":[{"href":"https:\/\/charleenmusic.com\/index.php\/wp-json\/wp\/v2\/types\/page"}],"author":[{"embeddable":true,"href":"https:\/\/charleenmusic.com\/index.php\/wp-json\/wp\/v2\/users\/1"}],"replies":[{"embeddable":true,"href":"https:\/\/charleenmusic.com\/index.php\/wp-json\/wp\/v2\/comments?post=332"}],"version-history":[{"count":11,"href":"https:\/\/charleenmusic.com\/index.php\/wp-json\/wp\/v2\/pages\/332\/revisions"}],"predecessor-version":[{"id":420,"href":"https:\/\/charleenmusic.com\/index.php\/wp-json\/wp\/v2\/pages\/332\/revisions\/420"}],"wp:featuredmedia":[{"embeddable":true,"href":"https:\/\/charleenmusic.com\/index.php\/wp-json\/wp\/v2\/media\/334"}],"wp:attachment":[{"href":"https:\/\/charleenmusic.com\/index.php\/wp-json\/wp\/v2\/media?parent=332"}],"curies":[{"name":"wp","href":"https:\/\/api.w.org\/{rel}","templated":true}]}}